{"id":27,"date":"2021-06-06T21:27:28","date_gmt":"2021-06-06T21:27:28","guid":{"rendered":"https:\/\/capitanamargo.com\/?page_id=27"},"modified":"2024-08-16T17:40:11","modified_gmt":"2024-08-16T17:40:11","slug":"untappd","status":"publish","type":"page","link":"https:\/\/capitanamargo.com\/en\/untappd\/","title":{"rendered":"Untappd"},"content":{"rendered":"\t\t<div data-elementor-type=\"wp-page\" data-elementor-id=\"27\" class=\"elementor elementor-27\" data-elementor-post-type=\"page\">\n\t\t\t\t\t\t<section class=\"elementor-section elementor-top-section elementor-element elementor-element-90259e5 elementor-section-boxed elementor-section-height-default elementor-section-height-default\" data-id=\"90259e5\" data-element_type=\"section\" data-e-type=\"section\">\n\t\t\t\t\t\t<div class=\"elementor-container elementor-column-gap-default\">\n\t\t\t\t\t<div class=\"elementor-column elementor-col-100 elementor-top-column elementor-element elementor-element-59b875f\" data-id=\"59b875f\" data-element_type=\"column\" data-e-type=\"column\">\n\t\t\t<div class=\"elementor-widget-wrap elementor-element-populated\">\n\t\t\t\t\t\t<div class=\"elementor-element elementor-element-d7121ad elementor-widget elementor-widget-spacer\" data-id=\"d7121ad\" data-element_type=\"widget\" data-e-type=\"widget\" data-widget_type=\"spacer.default\">\n\t\t\t\t<div class=\"elementor-widget-container\">\n\t\t\t\t\t\t\t<div class=\"elementor-spacer\">\n\t\t\t<div class=\"elementor-spacer-inner\"><\/div>\n\t\t<\/div>\n\t\t\t\t\t\t<\/div>\n\t\t\t\t<\/div>\n\t\t\t\t<div class=\"elementor-element elementor-element-43f4c17 elementor-widget elementor-widget-heading\" data-id=\"43f4c17\" data-element_type=\"widget\" data-e-type=\"widget\" data-widget_type=\"heading.default\">\n\t\t\t\t<div class=\"elementor-widget-container\">\n\t\t\t\t\t<h2 class=\"elementor-heading-title elementor-size-default\">Aqu\u00ed encontrar\u00e1s la selecci\u00f3n de cervezas artesanas disponible en nuestros grifos<\/h2>\t\t\t\t<\/div>\n\t\t\t\t<\/div>\n\t\t\t\t\t<\/div>\n\t\t<\/div>\n\t\t\t\t\t<\/div>\n\t\t<\/section>\n\t\t\t\t<section class=\"elementor-section elementor-top-section elementor-element elementor-element-35697a4 elementor-section-boxed elementor-section-height-default elementor-section-height-default\" data-id=\"35697a4\" data-element_type=\"section\" data-e-type=\"section\">\n\t\t\t\t\t\t<div class=\"elementor-container elementor-column-gap-default\">\n\t\t\t\t\t<div class=\"elementor-column elementor-col-100 elementor-top-column elementor-element elementor-element-7efa04c\" data-id=\"7efa04c\" data-element_type=\"column\" data-e-type=\"column\">\n\t\t\t<div class=\"elementor-widget-wrap elementor-element-populated\">\n\t\t\t\t\t\t<div class=\"elementor-element elementor-element-987cfda elementor-widget elementor-widget-spacer\" data-id=\"987cfda\" data-element_type=\"widget\" data-e-type=\"widget\" data-widget_type=\"spacer.default\">\n\t\t\t\t<div class=\"elementor-widget-container\">\n\t\t\t\t\t\t\t<div class=\"elementor-spacer\">\n\t\t\t<div class=\"elementor-spacer-inner\"><\/div>\n\t\t<\/div>\n\t\t\t\t\t\t<\/div>\n\t\t\t\t<\/div>\n\t\t\t\t\t<\/div>\n\t\t<\/div>\n\t\t\t\t\t<\/div>\n\t\t<\/section>\n\t\t\t\t<section class=\"elementor-section elementor-top-section elementor-element elementor-element-dfc9ced elementor-section-boxed elementor-section-height-default elementor-section-height-default\" data-id=\"dfc9ced\" data-element_type=\"section\" data-e-type=\"section\">\n\t\t\t\t\t\t<div class=\"elementor-container elementor-column-gap-default\">\n\t\t\t\t\t<div class=\"elementor-column elementor-col-100 elementor-top-column elementor-element elementor-element-d8ae712\" data-id=\"d8ae712\" data-element_type=\"column\" data-e-type=\"column\">\n\t\t\t<div class=\"elementor-widget-wrap elementor-element-populated\">\n\t\t\t\t\t\t<div class=\"elementor-element elementor-element-e42d822 menu-container elementor-widget elementor-widget-html\" data-id=\"e42d822\" data-element_type=\"widget\" data-e-type=\"widget\" data-widget_type=\"html.default\">\n\t\t\t\t<div class=\"elementor-widget-container\">\n\t\t\t\t\t<div id=\"menu-container\"><\/div>\r\n<script type=\"text\/javascript\">\r\n  !function getScript(e,t){var a=document.createElement(\"script\"),n=document.getElementsByTagName(\"script\")[0];a.async=1,n.parentNode.insertBefore(a,n),a.onload=a.onreadystatechange=function(e,n){(n||!a.readyState||\/loaded|complete\/.test(a.readyState))&&(a.onload=a.onreadystatechange=null,a=undefined,n||t&&t())},a.src=e}(\"https:\/\/embed-menu-preloader.untappdapi.com\/embed-menu-preloader.min.js\",function(){PreloadEmbedMenu(\"menu-container\",35918,139201)});\r\n<\/script>\r\n \t\t\t\t<\/div>\n\t\t\t\t<\/div>\n\t\t\t\t\t<\/div>\n\t\t<\/div>\n\t\t\t\t\t<\/div>\n\t\t<\/section>\n\t\t\t\t<\/div>\n\t\t","protected":false},"excerpt":{"rendered":"<p>Here you will find the selection of craft beers available at our taps<\/p>","protected":false},"author":1,"featured_media":0,"parent":0,"menu_order":0,"comment_status":"closed","ping_status":"closed","template":"elementor_header_footer","meta":{"_monsterinsights_skip_tracking":false,"_monsterinsights_sitenote_active":false,"_monsterinsights_sitenote_note":"","_monsterinsights_sitenote_category":0,"footnotes":""},"class_list":["post-27","page","type-page","status-publish","hentry","entry"],"jetpack_sharing_enabled":true,"_links":{"self":[{"href":"https:\/\/capitanamargo.com\/en\/wp-json\/wp\/v2\/pages\/27","targetHints":{"allow":["GET"]}}],"collection":[{"href":"https:\/\/capitanamargo.com\/en\/wp-json\/wp\/v2\/pages"}],"about":[{"href":"https:\/\/capitanamargo.com\/en\/wp-json\/wp\/v2\/types\/page"}],"author":[{"embeddable":true,"href":"https:\/\/capitanamargo.com\/en\/wp-json\/wp\/v2\/users\/1"}],"replies":[{"embeddable":true,"href":"https:\/\/capitanamargo.com\/en\/wp-json\/wp\/v2\/comments?post=27"}],"version-history":[{"count":50,"href":"https:\/\/capitanamargo.com\/en\/wp-json\/wp\/v2\/pages\/27\/revisions"}],"predecessor-version":[{"id":4546,"href":"https:\/\/capitanamargo.com\/en\/wp-json\/wp\/v2\/pages\/27\/revisions\/4546"}],"wp:attachment":[{"href":"https:\/\/capitanamargo.com\/en\/wp-json\/wp\/v2\/media?parent=27"}],"curies":[{"name":"wp","href":"https:\/\/api.w.org\/{rel}","templated":true}]}}